{"id":429,"date":"2022-06-20T10:45:26","date_gmt":"2022-06-20T15:45:26","guid":{"rendered":"http:\/\/tony-di-servio-ins.two.zysites.com\/about-us\/"},"modified":"2023-06-14T14:12:41","modified_gmt":"2023-06-14T19:12:41","slug":"about-us","status":"publish","type":"page","link":"https:\/\/www.diservio.com\/es\/about-us\/","title":{"rendered":"Sobre nosotras"},"content":{"rendered":"<p><img decoding=\"async\" class=\"wp-image-426 alignleft lazyload\" data-src=\"\/wp-content\/uploads\/sites\/162\/2023\/05\/group.jpg\" alt=\"\" width=\"386\" height=\"289\" src=\"data:image\/svg+xml;base64,PHN2ZyB3aWR0aD0iMSIgaGVpZ2h0PSIxIiB4bWxucz0iaHR0cDovL3d3dy53My5vcmcvMjAwMC9zdmciPjwvc3ZnPg==\" style=\"--smush-placeholder-width: 386px; --smush-placeholder-aspect-ratio: 386\/289;\" \/><\/p>\n<p>Nuestra familia ha ayudado a los habitantes de Virginia con sus necesidades de seguro durante m\u00e1s de 40 a\u00f1os. Representamos a m\u00e1s de 20 compa\u00f1\u00edas diferentes y de buena reputaci\u00f3n, as\u00ed que perm\u00edtanos hacer las compras por usted. Encontraremos la empresa que mejor se adapte a tus necesidades. Ofrecemos descuentos para buenos conductores y propietarios de viviendas y tambi\u00e9n tenemos excelentes tarifas para conductores con registros menos que perfectos.<\/p>\n<p>Haga clic en el bot\u00f3n \u00abCotizaci\u00f3n r\u00e1pida\u00bb o ll\u00e1menos. Deje que nuestros agentes experimentados lo ayuden con todas sus necesidades de seguro y respondan cualquier pregunta que pueda tener. Estamos orgullosos de nuestro servicio al cliente y esperamos poder servirle.<\/p>\n<p><a class=\"zy-button\" href=\"\/es\/contactenos\/\">Nota Rapida<\/a><\/p>\n<div style=\"clear: both;\"><\/div>\n<div class=\"videoWrapper\"><iframe data-src=\"https:\/\/www.youtube.com\/embed\/YHAtx3-X9hg\" frameborder=\"0\" allowfullscreen=\"allowfullscreen\" src=\"data:image\/svg+xml;base64,PHN2ZyB3aWR0aD0iMSIgaGVpZ2h0PSIxIiB4bWxucz0iaHR0cDovL3d3dy53My5vcmcvMjAwMC9zdmciPjwvc3ZnPg==\" class=\"lazyload\" data-load-mode=\"1\"><\/iframe><\/div>\n","protected":false},"excerpt":{"rendered":"<p>Nuestra familia ha ayudado a los habitantes de Virginia con sus necesidades de seguro durante m\u00e1s de 40 a\u00f1os. Representamos a m\u00e1s de 20 compa\u00f1\u00edas diferentes y de buena reputaci\u00f3n, as\u00ed que perm\u00edtanos hacer las compras por usted. Encontraremos la empresa que mejor se adapte a tus necesidades. Ofrecemos descuentos para buenos conductores y propietarios [&hellip;]<\/p>\n","protected":false},"author":4,"featured_media":0,"parent":0,"menu_order":0,"comment_status":"closed","ping_status":"closed","template":"","meta":{"_acf_changed":false,"_seopress_robots_primary_cat":null,"_seopress_titles_title":"","_seopress_titles_desc":"","_seopress_robots_index":"","_analytify_skip_tracking":false,"footnotes":""},"class_list":["post-429","page","type-page","status-publish","hentry"],"acf":[],"_links":{"self":[{"href":"https:\/\/www.diservio.com\/es\/wp-json\/wp\/v2\/pages\/429","targetHints":{"allow":["GET"]}}],"collection":[{"href":"https:\/\/www.diservio.com\/es\/wp-json\/wp\/v2\/pages"}],"about":[{"href":"https:\/\/www.diservio.com\/es\/wp-json\/wp\/v2\/types\/page"}],"author":[{"embeddable":true,"href":"https:\/\/www.diservio.com\/es\/wp-json\/wp\/v2\/users\/4"}],"replies":[{"embeddable":true,"href":"https:\/\/www.diservio.com\/es\/wp-json\/wp\/v2\/comments?post=429"}],"version-history":[{"count":0,"href":"https:\/\/www.diservio.com\/es\/wp-json\/wp\/v2\/pages\/429\/revisions"}],"wp:attachment":[{"href":"https:\/\/www.diservio.com\/es\/wp-json\/wp\/v2\/media?parent=429"}],"curies":[{"name":"wp","href":"https:\/\/api.w.org\/{rel}","templated":true}]}}